{"id":10,"date":"2020-01-17T09:25:04","date_gmt":"2020-01-17T09:25:04","guid":{"rendered":"https:\/\/www.elektraner.ch\/?page_id=10"},"modified":"2020-02-11T15:10:06","modified_gmt":"2020-02-11T15:10:06","slug":"ueber-mich","status":"publish","type":"page","link":"https:\/\/www.elektraner.ch\/index.php\/ueber-mich\/","title":{"rendered":"\u00dcber uns, die Elektra"},"content":{"rendered":"\n<figure class=\"wp-block-table\"><table class=\"\"><tbody><tr><td><strong>Wir sind &#8230;<\/strong><br>&#8211; eine Fachverbindung Bereich Elektrotechnik \/ Informatik<br>&#8211; gegr\u00fcndet 1902<br>&#8211; gegen 300 Mitglieder gross<br>&#8211; farbentragend<br>&#8211; konfessionell und parteipolitisch ungebunden und nicht schlagend<\/td><\/tr><\/tbody><\/table><\/figure>\n\n\n\n<figure class=\"wp-block-table\"><table class=\"\"><tbody><tr><td><strong>Unser Motto:  Freundschaft und Fach<\/strong><\/td><\/tr><\/tbody><\/table><\/figure>\n\n\n\n<figure class=\"wp-block-table\"><table class=\"\"><tbody><tr><td><strong>Unsere Farben<\/strong>:  violett-weiss-violett mit Silberperkussion<\/td><\/tr><\/tbody><\/table><\/figure>\n\n\n\n<figure class=\"wp-block-table\"><table class=\"\"><tbody><tr><td><strong>Was tun wir<\/strong>?<br>Wir pflegen die Freundschaft zwischen unseren Mitgliedern generations\u00fcberschreitend, meist lebenslang. Das bedeutet Erfahrungsaustausch zwischen den Studenten und Alten Herren (Altherren), in Studienfragen, Berufs- und Lebenserfahrung. Vom Studium her sind wir vorwiegend technisch, betriebswirtschaftlich und p\u00e4dagogisch orientiert. Der Kontakt zu anderen Verbindungen erweitert das Spektrum des Freundes- und Informationskreises und gibt weitere neue Impulse. Durch Kontakte zu den Hochschulen, zum aktuellen Geschehen in Industrie und Wirtschaft sind wir am Puls der Zeit.<\/td><\/tr><\/tbody><\/table><\/figure>\n\n\n\n<figure class=\"wp-block-table\"><table class=\"\"><tbody><tr><td><strong>Wie kannst Du profitieren?<\/strong><br>&#8211; Du kannst ein Netzwerk mit Kontakten zu Industrie und Hochschule aufbauen.<br>&#8211; Du kannst Kommilitonen die Dich mit Zusatzinformation \u00fcber die Hochschulen, Ausbildungswege, Professoren, etc. versorgen, finden.<br>&#8211; Du kannst Dein K\u00f6nnen w\u00e4hrend des Studiums mit Erfahrungen in Menschenf\u00fchrung, Organisation von Veranstaltungen, freier Rede, demokratischem Verhalten und den Spielregeln von Teamarbeit erweitern.<br>&#8211; Du erlangst Sozialkompetenz \u2013 und das alles im Rahmen geselliger Veranstaltungen, die auch dem heutigen \u201ehigh-life-Gef\u00fchl\u201c gerecht werden.<br>&#8211; Du gewinnst Freunde, die Dir auch in kritischen Lebenslagen zur Seite stehen.<\/td><\/tr><\/tbody><\/table><\/figure>\n\n\n\n<figure class=\"wp-block-table\"><table class=\"\"><tbody><tr><td><strong>Ist das was f\u00fcr Dich?<\/strong><br>Da Du ein k\u00fchles Bier oder ein informatives Gespr\u00e4ch nicht vom Internet \u201erunterladen\u201c kannst!<br><strong>Auf Wiedersehen am n\u00e4chsten Stamm!<\/strong>&nbsp;oder&nbsp;<strong>sprich unsere Aktiven an<\/strong>&nbsp;(siehe Kontakte)!<\/td><\/tr><\/tbody><\/table><\/figure>\n\n\n\n<p><\/p>\n","protected":false},"excerpt":{"rendered":"<p>Wir sind &#8230;&#8211; eine Fachverbindung Bereich Elektrotechnik \/ Informatik&#8211; gegr\u00fcndet 1902&#8211; gegen 300 Mitglieder gross&#8211; farbentragend&#8211; konfessionell und parteipolitisch ungebunden und nicht schlagend Unser Motto: Freundschaft und Fach Unsere Farben: violett-weiss-violett mit Silberperkussion Was tun &hellip;<\/p>\n","protected":false},"author":1,"featured_media":0,"parent":0,"menu_order":0,"comment_status":"closed","ping_status":"closed","template":"","meta":{"footnotes":""},"class_list":["post-10","page","type-page","status-publish","hentry"],"_links":{"self":[{"href":"https:\/\/www.elektraner.ch\/index.php\/wp-json\/wp\/v2\/pages\/10","targetHints":{"allow":["GET"]}}],"collection":[{"href":"https:\/\/www.elektraner.ch\/index.php\/wp-json\/wp\/v2\/pages"}],"about":[{"href":"https:\/\/www.elektraner.ch\/index.php\/wp-json\/wp\/v2\/types\/page"}],"author":[{"embeddable":true,"href":"https:\/\/www.elektraner.ch\/index.php\/wp-json\/wp\/v2\/users\/1"}],"replies":[{"embeddable":true,"href":"https:\/\/www.elektraner.ch\/index.php\/wp-json\/wp\/v2\/comments?post=10"}],"version-history":[{"count":6,"href":"https:\/\/www.elektraner.ch\/index.php\/wp-json\/wp\/v2\/pages\/10\/revisions"}],"predecessor-version":[{"id":534,"href":"https:\/\/www.elektraner.ch\/index.php\/wp-json\/wp\/v2\/pages\/10\/revisions\/534"}],"wp:attachment":[{"href":"https:\/\/www.elektraner.ch\/index.php\/wp-json\/wp\/v2\/media?parent=10"}],"curies":[{"name":"wp","href":"https:\/\/api.w.org\/{rel}","templated":true}]}}