{"id":11,"date":"2020-01-17T09:25:04","date_gmt":"2020-01-17T09:25:04","guid":{"rendered":"https:\/\/www.elektraner.ch\/?page_id=11"},"modified":"2025-08-06T09:02:15","modified_gmt":"2025-08-06T09:02:15","slug":"kontakt","status":"publish","type":"page","link":"https:\/\/www.elektraner.ch\/index.php\/kontakt\/","title":{"rendered":"Vorstand"},"content":{"rendered":"\n<figure class=\"wp-block-table\"><table><tbody><tr><td><strong>Funktion<\/strong><\/td><td><strong>Cerevis<\/strong><\/td><td><strong>Vorname<\/strong><\/td><td><strong>Nachname<\/strong><\/td><td><strong>EMail privat<\/strong><\/td><\/tr><tr><td>Who is who Eintrag\/\u00c4nderung<\/td><td>&#8211;&gt; Who is who<\/td><td>&#8211;&gt;<\/td><td>&#8211;&gt;<\/td><td><a href=\"mailto:kuschlo@elektraner.ch\">kuschlo@elektraner.ch<\/a><\/td><\/tr><tr><td><strong>Altherren Verband der Elektra<\/strong><\/td><td><\/td><td><\/td><td><\/td><td><\/td><\/tr><tr><td>Altherrenpr\u00e4sidium AHP<\/td><td>Loop<\/td><td>Walter<\/td><td>Sp\u00f6rri<\/td><td><a href=\"mailto:walter.spoerri@vbz.ch\">walter.spoerri@vbz.ch<\/a><\/td><\/tr><tr><td>Redaktor der ELEKTRA<\/td><td>Mega(EM)<\/td><td>Fridolin<\/td><td>Jacober<\/td><td><a href=\"mailto:f.jacober@bluewin.ch\">f.jacober@bluewin.ch<\/a><\/td><\/tr><tr><td>Sekret\u00e4r und Adresszentrale AHVE<\/td><td>Flitz<\/td><td>Roland<\/td><td>Fehr<\/td><td><a href=\"mailto:roland.fehr@vtg.admin.ch\">roland.fehr@vtg.admin.ch<\/a><\/td><\/tr><tr><td>Kassier AHVE<\/td><td>Pharao<\/td><td>Manuel<\/td><td>Aemisegger<\/td><td><a href=\"mailto:manu.aemi@gmail.com\">manu.aemi@gmail.com<\/a><\/td><\/tr><tr><td>Aktuar<\/td><td>Jazz<\/td><td>Marco<\/td><td>Oehler<\/td><td><a href=\"mailto:marco.oehler@gmx.ch\">marco.oehler@gmx<\/a><\/td><\/tr><tr><td>Archivar, homepage, Kontakt Genia <\/td><td>Kuschlo<\/td><td>Dietrich<\/td><td>Hunkeler<\/td><td><a href=\"mailto:kuschlo@elektraner.ch\">kuschlo@elektraner.ch<\/a><\/td><\/tr><tr><td>Cantusmagister, Aktivitas, AHVE <\/td><td>Caruso<\/td><td>Ernst<\/td><td>Siegrist<\/td><td> <a href=\"mailto:e.siegrist@swissonline.ch\">e.siegrist@swissonline.ch<\/a> <\/td><\/tr><tr><td><strong>Ortsgruppen<\/strong><\/td><td><\/td><td><\/td><td><\/td><td><\/td><\/tr><tr><td>OG Koordinator Baden<\/td><td>TRIMM<\/td><td>Kurt<\/td><td>Thoma<\/td><td> <a href=\"mailto:ckthoma@bluewin.ch\">ckthoma@bluewin.ch<\/a> <\/td><\/tr><tr><td>OG Obmann Luzern<\/td><td>Vespi<\/td><td>Beat<\/td><td>Trauffer<\/td><td><a href=\"mailto:trauffer.beat@bluewin.ch\">trauffer.beat@bluewin.ch<\/a><\/td><\/tr><tr><td>Webmaster elektraner.ch<\/td><td>Fix<\/td><td>J\u00fcrg<\/td><td>Briner<\/td><td><a href=\"mailto:juerg.briner@almyra.ch\">juerg.briner@bluewin.ch<\/a><\/td><\/tr><\/tbody><\/table><\/figure>\n\n\n\n<p><\/p>\n","protected":false},"excerpt":{"rendered":"<p>Funktion Cerevis Vorname Nachname EMail privat Who is who Eintrag\/\u00c4nderung &#8211;&gt; Who is who &#8211;&gt; &#8211;&gt; kuschlo@elektraner.ch Altherren Verband der Elektra Altherrenpr\u00e4sidium AHP Loop Walter Sp\u00f6rri walter.spoerri@vbz.ch Redaktor der ELEKTRA Mega(EM) Fridolin Jacober f.jacober@bluewin.ch Sekret\u00e4r &hellip;<\/p>\n","protected":false},"author":1,"featured_media":0,"parent":0,"menu_order":0,"comment_status":"closed","ping_status":"closed","template":"","meta":{"footnotes":""},"class_list":["post-11","page","type-page","status-publish","hentry"],"_links":{"self":[{"href":"https:\/\/www.elektraner.ch\/index.php\/wp-json\/wp\/v2\/pages\/11","targetHints":{"allow":["GET"]}}],"collection":[{"href":"https:\/\/www.elektraner.ch\/index.php\/wp-json\/wp\/v2\/pages"}],"about":[{"href":"https:\/\/www.elektraner.ch\/index.php\/wp-json\/wp\/v2\/types\/page"}],"author":[{"embeddable":true,"href":"https:\/\/www.elektraner.ch\/index.php\/wp-json\/wp\/v2\/users\/1"}],"replies":[{"embeddable":true,"href":"https:\/\/www.elektraner.ch\/index.php\/wp-json\/wp\/v2\/comments?post=11"}],"version-history":[{"count":17,"href":"https:\/\/www.elektraner.ch\/index.php\/wp-json\/wp\/v2\/pages\/11\/revisions"}],"predecessor-version":[{"id":1881,"href":"https:\/\/www.elektraner.ch\/index.php\/wp-json\/wp\/v2\/pages\/11\/revisions\/1881"}],"wp:attachment":[{"href":"https:\/\/www.elektraner.ch\/index.php\/wp-json\/wp\/v2\/media?parent=11"}],"curies":[{"name":"wp","href":"https:\/\/api.w.org\/{rel}","templated":true}]}}